{"id":630,"date":"2025-12-17T17:56:15","date_gmt":"2025-12-17T17:56:15","guid":{"rendered":"https:\/\/www.larecolteduraleur.fr\/?page_id=630"},"modified":"2025-12-18T07:14:48","modified_gmt":"2025-12-18T07:14:48","slug":"conditions-generales-de-vente","status":"publish","type":"page","link":"https:\/\/www.larecolteduraleur.fr\/index.php\/conditions-generales-de-vente\/","title":{"rendered":"Conditions G\u00e9n\u00e9rales de vente."},"content":{"rendered":"\n<h3 class=\"wp-block-heading\">1. Objet<\/h3>\n\n\n\n<blockquote class=\"wp-block-quote is-layout-flow wp-block-quote-is-layout-flow\">\n<p>Les pr\u00e9sentes Conditions G\u00e9n\u00e9rales de Vente ont pour objet de d\u00e9finir les modalit\u00e9s selon lesquelles La R\u00e9colte du R\u00e2leur propose ses produits, dans le cadre de ventes r\u00e9alis\u00e9es <strong>hors site internet<\/strong>, sur demande.<\/p>\n<\/blockquote>\n\n\n\n<hr class=\"wp-block-separator has-alpha-channel-opacity\"\/>\n\n\n\n<h3 class=\"wp-block-heading\">2. Produits<\/h3>\n\n\n\n<blockquote class=\"wp-block-quote is-layout-flow wp-block-quote-is-layout-flow\">\n<p>La R\u00e9colte du R\u00e2leur propose une huile d\u2019olive artisanale, issue d\u2019une production familiale et confidentielle, en quantit\u00e9 limit\u00e9e selon la r\u00e9colte annuelle.<\/p>\n<\/blockquote>\n\n\n\n<hr class=\"wp-block-separator has-alpha-channel-opacity\"\/>\n\n\n\n<h3 class=\"wp-block-heading\">3. Commandes<\/h3>\n\n\n\n<blockquote class=\"wp-block-quote is-layout-flow wp-block-quote-is-layout-flow\">\n<p>Les commandes s\u2019effectuent exclusivement :<\/p>\n<\/blockquote>\n\n\n\n<ul class=\"wp-block-list\">\n<li>via le formulaire de contact du site,<\/li>\n\n\n\n<li>par \u00e9change direct (email ou t\u00e9l\u00e9phone).<\/li>\n<\/ul>\n\n\n\n<p>Aucune commande ni paiement ne sont r\u00e9alis\u00e9s directement sur le site internet.<\/p>\n\n\n\n<hr class=\"wp-block-separator has-alpha-channel-opacity\"\/>\n\n\n\n<h3 class=\"wp-block-heading\">4. Prix<\/h3>\n\n\n\n<blockquote class=\"wp-block-quote is-layout-flow wp-block-quote-is-layout-flow\">\n<p>Les prix sont communiqu\u00e9s au client sur demande, en fonction du format choisi et du stock disponible.<br>Ils sont exprim\u00e9s en euros et s\u2019entendent toutes taxes comprises (TTC).<\/p>\n<\/blockquote>\n\n\n\n<hr class=\"wp-block-separator has-alpha-channel-opacity\"\/>\n\n\n\n<h3 class=\"wp-block-heading\">5. Modalit\u00e9s de paiement<\/h3>\n\n\n\n<blockquote class=\"wp-block-quote is-layout-flow wp-block-quote-is-layout-flow\">\n<p>Les modalit\u00e9s de paiement sont pr\u00e9cis\u00e9es lors de l\u2019\u00e9change avec le client, au moment de la commande.<\/p>\n<\/blockquote>\n\n\n\n<hr class=\"wp-block-separator has-alpha-channel-opacity\"\/>\n\n\n\n<h3 class=\"wp-block-heading\">6. Livraison \/ remise<\/h3>\n\n\n\n<blockquote class=\"wp-block-quote is-layout-flow wp-block-quote-is-layout-flow\">\n<p>Les conditions de remise ou de livraison sont d\u00e9finies au cas par cas lors de la commande.<\/p>\n<\/blockquote>\n\n\n\n<hr class=\"wp-block-separator has-alpha-channel-opacity\"\/>\n\n\n\n<h3 class=\"wp-block-heading\">7. Droit applicable<\/h3>\n\n\n\n<blockquote class=\"wp-block-quote is-layout-flow wp-block-quote-is-layout-flow\">\n<p>Droit applicable et juridiction comp\u00e9tente<\/p>\n\n\n\n<p>Les pr\u00e9sentes Conditions G\u00e9n\u00e9rales de vente sont soumises au droit fran\u00e7ais.Le territoire concern\u00e9 par les ventes est la fran\u00e7e m\u00e9tropolitaine.<\/p>\n\n\n\n<p>En cas de litige et \u00e0 d\u00e9faut de r\u00e9solution amiable, les tribunaux comp\u00e9tents seront ceux du ressort du domicile du vendeur.<\/p>\n<\/blockquote>\n\n\n\n<hr class=\"wp-block-separator has-alpha-channel-opacity\"\/>\n\n\n\n<h3 class=\"wp-block-heading\">8. Contact<\/h3>\n\n\n\n<blockquote class=\"wp-block-quote is-layout-flow wp-block-quote-is-layout-flow\">\n<p>Pour toute question, le client peut contacter La R\u00e9colte du R\u00e2leur via le formulaire de contact du site.<\/p>\n<\/blockquote>\n","protected":false},"excerpt":{"rendered":"<p>1. Objet Les pr\u00e9sentes Conditions G\u00e9n\u00e9rales de Vente ont pour objet de d\u00e9finir les modalit\u00e9s selon lesquelles La R\u00e9colte du [&hellip;]<\/p>\n","protected":false},"author":1,"featured_media":0,"parent":0,"menu_order":0,"comment_status":"closed","ping_status":"closed","template":"","meta":{"site-sidebar-layout":"default","site-content-layout":"","ast-site-content-layout":"default","site-content-style":"default","site-sidebar-style":"default","ast-global-header-display":"","ast-banner-title-visibility":"","ast-main-header-display":"","ast-hfb-above-header-display":"","ast-hfb-below-header-display":"","ast-hfb-mobile-header-display":"","site-post-title":"","ast-breadcrumbs-content":"","ast-featured-img":"","footer-sml-layout":"","theme-transparent-header-meta":"","adv-header-id-meta":"","stick-header-meta":"","header-above-stick-meta":"","header-main-stick-meta":"","header-below-stick-meta":"","astra-migrate-meta-layouts":"default","ast-page-background-enabled":"default","ast-page-background-meta":{"desktop":{"background-color":"var(--ast-global-color-5)","background-image":"","background-repeat":"repeat","background-position":"center center","background-size":"auto","background-attachment":"scroll","background-type":"","background-media":"","overlay-type":"","overlay-color":"","overlay-opacity":"","overlay-gradient":""},"tablet":{"background-color":"","background-image":"","background-repeat":"repeat","background-position":"center center","background-size":"auto","background-attachment":"scroll","background-type":"","background-media":"","overlay-type":"","overlay-color":"","overlay-opacity":"","overlay-gradient":""},"mobile":{"background-color":"","background-image":"","background-repeat":"repeat","background-position":"center center","background-size":"auto","background-attachment":"scroll","background-type":"","background-media":"","overlay-type":"","overlay-color":"","overlay-opacity":"","overlay-gradient":""}},"ast-content-background-meta":{"desktop":{"background-color":"var(--ast-global-color-4)","background-image":"","background-repeat":"repeat","background-position":"center center","background-size":"auto","background-attachment":"scroll","background-type":"","background-media":"","overlay-type":"","overlay-color":"","overlay-opacity":"","overlay-gradient":""},"tablet":{"background-color":"var(--ast-global-color-4)","background-image":"","background-repeat":"repeat","background-position":"center center","background-size":"auto","background-attachment":"scroll","background-type":"","background-media":"","overlay-type":"","overlay-color":"","overlay-opacity":"","overlay-gradient":""},"mobile":{"background-color":"var(--ast-global-color-4)","background-image":"","background-repeat":"repeat","background-position":"center center","background-size":"auto","background-attachment":"scroll","background-type":"","background-media":"","overlay-type":"","overlay-color":"","overlay-opacity":"","overlay-gradient":""}},"footnotes":""},"class_list":["post-630","page","type-page","status-publish","hentry"],"_links":{"self":[{"href":"https:\/\/www.larecolteduraleur.fr\/index.php\/wp-json\/wp\/v2\/pages\/630","targetHints":{"allow":["GET"]}}],"collection":[{"href":"https:\/\/www.larecolteduraleur.fr\/index.php\/wp-json\/wp\/v2\/pages"}],"about":[{"href":"https:\/\/www.larecolteduraleur.fr\/index.php\/wp-json\/wp\/v2\/types\/page"}],"author":[{"embeddable":true,"href":"https:\/\/www.larecolteduraleur.fr\/index.php\/wp-json\/wp\/v2\/users\/1"}],"replies":[{"embeddable":true,"href":"https:\/\/www.larecolteduraleur.fr\/index.php\/wp-json\/wp\/v2\/comments?post=630"}],"version-history":[{"count":3,"href":"https:\/\/www.larecolteduraleur.fr\/index.php\/wp-json\/wp\/v2\/pages\/630\/revisions"}],"predecessor-version":[{"id":694,"href":"https:\/\/www.larecolteduraleur.fr\/index.php\/wp-json\/wp\/v2\/pages\/630\/revisions\/694"}],"wp:attachment":[{"href":"https:\/\/www.larecolteduraleur.fr\/index.php\/wp-json\/wp\/v2\/media?parent=630"}],"curies":[{"name":"wp","href":"https:\/\/api.w.org\/{rel}","templated":true}]}}