{"id":84,"date":"2025-12-06T07:21:21","date_gmt":"2025-12-06T07:21:21","guid":{"rendered":"https:\/\/www.larecolteduraleur.fr\/index.php\/presentation-du-verger\/"},"modified":"2025-12-18T17:44:49","modified_gmt":"2025-12-18T17:44:49","slug":"presentation-du-verger","status":"publish","type":"page","link":"https:\/\/www.larecolteduraleur.fr\/","title":{"rendered":"Accueil"},"content":{"rendered":"\t\t<div data-elementor-type=\"wp-page\" data-elementor-id=\"84\" class=\"elementor elementor-84\">\n\t\t\t\t<div class=\"elementor-element elementor-element-f64f346 e-flex e-con-boxed e-con e-parent\" data-id=\"f64f346\" data-element_type=\"container\">\n\t\t\t\t\t<div class=\"e-con-inner\">\n\t\t\t\t<div class=\"elementor-element elementor-element-57e508d elementor-widget elementor-widget-spacer\" data-id=\"57e508d\" data-element_type=\"widget\" data-widget_type=\"spacer.default\">\n\t\t\t\t\t\t\t<div class=\"elementor-spacer\">\n\t\t\t<div class=\"elementor-spacer-inner\"><\/div>\n\t\t<\/div>\n\t\t\t\t\t\t<\/div>\n\t\t\t\t\t<\/div>\n\t\t\t\t<\/div>\n\t\t<div class=\"elementor-element elementor-element-1f4a2e4 e-flex e-con-boxed e-con e-parent\" data-id=\"1f4a2e4\" data-element_type=\"container\">\n\t\t\t\t\t<div class=\"e-con-inner\">\n\t\t\t\t<div class=\"elementor-element elementor-element-6787b90 elementor-widget elementor-widget-heading\" data-id=\"6787b90\" data-element_type=\"widget\" data-widget_type=\"heading.default\">\n\t\t\t\t\t<h1 class=\"elementor-heading-title elementor-size-default\">La R\u00e9colte du R\u00e2leur\npr\u00e9sentation du verger<\/h1>\t\t\t\t<\/div>\n\t\t\t\t\t<\/div>\n\t\t\t\t<\/div>\n\t\t<div class=\"elementor-element elementor-element-e3b588a e-flex e-con-boxed e-con e-parent\" data-id=\"e3b588a\" data-element_type=\"container\">\n\t\t\t\t\t<div class=\"e-con-inner\">\n\t\t\t\t<div class=\"elementor-element elementor-element-71d4a63 elementor-widget elementor-widget-spacer\" data-id=\"71d4a63\" data-element_type=\"widget\" data-widget_type=\"spacer.default\">\n\t\t\t\t\t\t\t<div class=\"elementor-spacer\">\n\t\t\t<div class=\"elementor-spacer-inner\"><\/div>\n\t\t<\/div>\n\t\t\t\t\t\t<\/div>\n\t\t\t\t\t<\/div>\n\t\t\t\t<\/div>\n\t\t<div class=\"elementor-element elementor-element-08c9180 e-flex e-con-boxed e-con e-parent\" data-id=\"08c9180\" data-element_type=\"container\">\n\t\t\t\t\t<div class=\"e-con-inner\">\n\t\t\t\t<div class=\"elementor-element elementor-element-1a4d9c7 elementor-arrows-position-inside elementor-pagination-position-outside elementor-widget elementor-widget-image-carousel\" data-id=\"1a4d9c7\" data-element_type=\"widget\" data-settings=\"{&quot;navigation&quot;:&quot;both&quot;,&quot;autoplay&quot;:&quot;yes&quot;,&quot;pause_on_hover&quot;:&quot;yes&quot;,&quot;pause_on_interaction&quot;:&quot;yes&quot;,&quot;autoplay_speed&quot;:5000,&quot;infinite&quot;:&quot;yes&quot;,&quot;speed&quot;:500}\" data-widget_type=\"image-carousel.default\">\n\t\t\t\t\t\t\t<div class=\"elementor-image-carousel-wrapper swiper\" role=\"region\" aria-roledescription=\"carousel\" aria-label=\"Carrousel d\u2019images\" dir=\"ltr\">\n\t\t\t<div class=\"elementor-image-carousel swiper-wrapper\" aria-live=\"off\">\n\t\t\t\t\t\t\t\t<div class=\"swiper-slide\" role=\"group\" aria-roledescription=\"slide\" aria-label=\"1 sur 6\"><figure class=\"swiper-slide-inner\"><img decoding=\"async\" class=\"swiper-slide-image\" src=\"https:\/\/www.larecolteduraleur.fr\/wp-content\/uploads\/elementor\/thumbs\/20251111_124343-1-scaled-e1765181852723-rfugxt2is84u9852t0rx6fkrwiydyq015g5uf1to4w.jpg\" alt=\"le verger,l&#039;oliveraie, olivaie,olivette\" \/><\/figure><\/div><div class=\"swiper-slide\" role=\"group\" aria-roledescription=\"slide\" aria-label=\"2 sur 6\"><figure class=\"swiper-slide-inner\"><img decoding=\"async\" class=\"swiper-slide-image\" src=\"https:\/\/www.larecolteduraleur.fr\/wp-content\/uploads\/elementor\/thumbs\/20251105_120739-scaled-rfnxu21a1jwb3s7m60o53qb2t9pfhchv5rrfr1419s.jpg\" alt=\"branche charg\u00e9e d&#039;olives\" \/><\/figure><\/div><div class=\"swiper-slide\" role=\"group\" aria-roledescription=\"slide\" aria-label=\"3 sur 6\"><figure class=\"swiper-slide-inner\"><img decoding=\"async\" class=\"swiper-slide-image\" src=\"https:\/\/www.larecolteduraleur.fr\/wp-content\/uploads\/elementor\/thumbs\/20251105_120717-scaled-e1765182040922-rfuh2ps6h2uqvx0e555s76zfkyre5thkhqt4n2jnn4.jpg\" alt=\"oliviers et filet pour cueillir les olives\" \/><\/figure><\/div><div class=\"swiper-slide\" role=\"group\" aria-roledescription=\"slide\" aria-label=\"4 sur 6\"><figure class=\"swiper-slide-inner\"><img decoding=\"async\" class=\"swiper-slide-image\" src=\"https:\/\/www.larecolteduraleur.fr\/wp-content\/uploads\/elementor\/thumbs\/20251111_124418-scaled-rfny3dlnteno8ko6qjpybvmmvtrgtai1fwns2tahkg.jpg\" alt=\"olives dans un filet\" \/><\/figure><\/div><div class=\"swiper-slide\" role=\"group\" aria-roledescription=\"slide\" aria-label=\"5 sur 6\"><figure class=\"swiper-slide-inner\"><img decoding=\"async\" class=\"swiper-slide-image\" src=\"https:\/\/www.larecolteduraleur.fr\/wp-content\/uploads\/elementor\/thumbs\/20171029_163427-scaled-rfnxomiuk0go0w3lvo5qp3n794h30axp2w2fxh5x80.jpg\" alt=\"olives noires pr\u00eates pour la cueillette\" \/><\/figure><\/div><div class=\"swiper-slide\" role=\"group\" aria-roledescription=\"slide\" aria-label=\"6 sur 6\"><figure class=\"swiper-slide-inner\"><img decoding=\"async\" class=\"swiper-slide-image\" src=\"https:\/\/www.larecolteduraleur.fr\/wp-content\/uploads\/elementor\/thumbs\/20241025_093102-1-scaled-e1765181688399-rfugtiwzne9td6czt653tih6hc26wd01w967po68hc.jpg\" alt=\"oliviers et son sol\" \/><\/figure><\/div>\t\t\t<\/div>\n\t\t\t\t\t\t\t\t\t\t\t\t<div class=\"elementor-swiper-button elementor-swiper-button-prev\" role=\"button\" tabindex=\"0\">\n\t\t\t\t\t\t<svg aria-hidden=\"true\" class=\"e-font-icon-svg e-eicon-chevron-left\" viewBox=\"0 0 1000 1000\" xmlns=\"http:\/\/www.w3.org\/2000\/svg\"><path d=\"M646 125C629 125 613 133 604 142L308 442C296 454 292 471 292 487 292 504 296 521 308 533L604 854C617 867 629 875 646 875 663 875 679 871 692 858 704 846 713 829 713 812 713 796 708 779 692 767L438 487 692 225C700 217 708 204 708 187 708 171 704 154 692 142 675 129 663 125 646 125Z\"><\/path><\/svg>\t\t\t\t\t<\/div>\n\t\t\t\t\t<div class=\"elementor-swiper-button elementor-swiper-button-next\" role=\"button\" tabindex=\"0\">\n\t\t\t\t\t\t<svg aria-hidden=\"true\" class=\"e-font-icon-svg e-eicon-chevron-right\" viewBox=\"0 0 1000 1000\" xmlns=\"http:\/\/www.w3.org\/2000\/svg\"><path d=\"M696 533C708 521 713 504 713 487 713 471 708 454 696 446L400 146C388 133 375 125 354 125 338 125 325 129 313 142 300 154 292 171 292 187 292 204 296 221 308 233L563 492 304 771C292 783 288 800 288 817 288 833 296 850 308 863 321 871 338 875 354 875 371 875 388 867 400 854L696 533Z\"><\/path><\/svg>\t\t\t\t\t<\/div>\n\t\t\t\t\n\t\t\t\t\t\t\t\t\t<div class=\"swiper-pagination\"><\/div>\n\t\t\t\t\t\t\t\t\t<\/div>\n\t\t\t\t\t\t<\/div>\n\t\t\t\t\t<\/div>\n\t\t\t\t<\/div>\n\t\t<div class=\"elementor-element elementor-element-371e0f4 e-flex e-con-boxed e-con e-parent\" data-id=\"371e0f4\" data-element_type=\"container\">\n\t\t\t\t\t<div class=\"e-con-inner\">\n\t\t\t\t<div class=\"elementor-element elementor-element-da0d9db elementor-widget elementor-widget-heading\" data-id=\"da0d9db\" data-element_type=\"widget\" data-widget_type=\"heading.default\">\n\t\t\t\t\t<h2 class=\"elementor-heading-title elementor-size-default\">L'oliveraie dans toute sa splendeur.<\/h2>\t\t\t\t<\/div>\n\t\t\t\t\t<\/div>\n\t\t\t\t<\/div>\n\t\t<div class=\"elementor-element elementor-element-ac9e001 e-flex e-con-boxed e-con e-parent\" data-id=\"ac9e001\" data-element_type=\"container\">\n\t\t\t\t\t<div class=\"e-con-inner\">\n\t\t\t\t<div class=\"elementor-element elementor-element-f6ed16b elementor-widget elementor-widget-image\" data-id=\"f6ed16b\" data-element_type=\"widget\" data-widget_type=\"image.default\">\n\t\t\t\t\t\t\t\t\t\t\t\t\t\t\t<img decoding=\"async\" src=\"https:\/\/www.larecolteduraleur.fr\/wp-content\/uploads\/elementor\/thumbs\/file_00000000651471f48e3935478a21f584-1-rfjx1ainfkwfmrrhkuxwjtkbo9gjno4kn1f1e7b20c.png\" title=\"file_00000000651471f48e3935478a21f584 (1)\" alt=\"file_00000000651471f48e3935478a21f584 (1)\" loading=\"lazy\" \/>\t\t\t\t\t\t\t\t\t\t\t\t\t\t\t<\/div>\n\t\t\t\t\t<\/div>\n\t\t\t\t<\/div>\n\t\t<div class=\"elementor-element elementor-element-667a087 e-flex e-con-boxed e-con e-parent\" data-id=\"667a087\" data-element_type=\"container\">\n\t\t\t\t\t<div class=\"e-con-inner\">\n\t\t\t\t<div class=\"elementor-element elementor-element-6c0b0b6 elementor-widget elementor-widget-text-editor\" data-id=\"6c0b0b6\" data-element_type=\"widget\" data-widget_type=\"text-editor.default\">\n\t\t\t\t\t\t\t\t\t<p style=\"text-align: center;\">Sur ces terres autrefois plant\u00e9es de vignes s\u2019\u00e9tendent aujourd&rsquo;hui nos oliviers. Ces parcelles portent la<strong> m\u00e9moire du travail de la terre,<\/strong>\u00a0au rythme du soleil et du vent. La majorit\u00e9 de l&rsquo;oliveraie est compos\u00e9e de<strong> l&rsquo;olivi\u00e8re<\/strong> vari\u00e9t\u00e9 traditionnelle et rustique des Pyr\u00e9n\u00e9es -Orientales . Nous l&rsquo;avons s\u00e9lectionn\u00e9e pour <strong>son <\/strong>huile de haute qualit\u00e9<strong>,\u00a0 son fruit\u00e9 intense,\u00a0<\/strong> et<strong> sa capacit\u00e9 naturelle \u00e0 r\u00e9sister au froid .<\/strong><\/p><p>l<strong>&lsquo;Arb\u00e9quine<\/strong> est pr\u00e9sente\u00a0 dans le verger pour <strong>son aptitude \u00e0 polliniser .<\/strong><\/p><p>Ses fruits ressemblent \u00e0 de <strong>petits bonbons color\u00e9s<\/strong> . c&rsquo;est un olivier vigoureux , aux petites olives tr\u00e8s aromatiques, appr\u00e9ci\u00e9 pour sa productivit\u00e9 \u00e9lev\u00e9e malgr\u00e9 sa petite taille.\u00a0<\/p><p><strong>Le Cayon<\/strong> est pr\u00e9sent en petites quantit\u00e9s, principalement pour son <strong>r\u00f4le de pollinisateur.<\/strong><\/p><p><strong>La<\/strong> <strong>Luque<\/strong>\u00a0 reconnaissable \u00e0 sa forme en croissant de lune est utilis\u00e9e comme <strong>olive de table .<\/strong><\/p><p><strong>Ici, chaque vari\u00e9t\u00e9 trouve sa place et son utilit\u00e9. Ensemble, elles donnent au verger son souffle, et \u00e0 l&rsquo;huile du R\u00e2leur son caract\u00e8re unique.<\/strong><\/p>\t\t\t\t\t\t\t\t<\/div>\n\t\t\t\t\t<\/div>\n\t\t\t\t<\/div>\n\t\t<div class=\"elementor-element elementor-element-fbf0f3f e-flex e-con-boxed e-con e-parent\" data-id=\"fbf0f3f\" data-element_type=\"container\">\n\t\t\t\t\t<div class=\"e-con-inner\">\n\t\t\t\t<div class=\"elementor-element elementor-element-7fd53a7 elementor-widget-divider--view-line elementor-widget elementor-widget-divider\" data-id=\"7fd53a7\" data-element_type=\"widget\" data-widget_type=\"divider.default\">\n\t\t\t\t\t\t\t<div class=\"elementor-divider\">\n\t\t\t<span class=\"elementor-divider-separator\">\n\t\t\t\t\t\t<\/span>\n\t\t<\/div>\n\t\t\t\t\t\t<\/div>\n\t\t\t\t<div class=\"elementor-element elementor-element-9247978 elementor-widget elementor-widget-image\" data-id=\"9247978\" data-element_type=\"widget\" data-widget_type=\"image.default\">\n\t\t\t\t\t\t\t\t\t\t\t\t\t\t\t<img decoding=\"async\" src=\"https:\/\/www.larecolteduraleur.fr\/wp-content\/uploads\/elementor\/thumbs\/file_00000000651471f48e3935478a21f584-1-rfjx1ainfkwfmrrhkuxwjtkbo9gjno4kn1f1e7b20c.png\" title=\"file_00000000651471f48e3935478a21f584 (1)\" alt=\"file_00000000651471f48e3935478a21f584 (1)\" loading=\"lazy\" \/>\t\t\t\t\t\t\t\t\t\t\t\t\t\t\t<\/div>\n\t\t\t\t\t<\/div>\n\t\t\t\t<\/div>\n\t\t<div class=\"elementor-element elementor-element-617f8c2 e-flex e-con-boxed e-con e-parent\" data-id=\"617f8c2\" data-element_type=\"container\">\n\t\t\t\t\t<div class=\"e-con-inner\">\n\t\t\t\t<div class=\"elementor-element elementor-element-22e08a4 elementor-widget elementor-widget-heading\" data-id=\"22e08a4\" data-element_type=\"widget\" data-widget_type=\"heading.default\">\n\t\t\t\t\t<h3 class=\"elementor-heading-title elementor-size-default\"> Oliviers et Pyr\u00e9n\u00e9es - Orientales <\/h3>\t\t\t\t<\/div>\n\t\t\t\t\t<\/div>\n\t\t\t\t<\/div>\n\t\t<div class=\"elementor-element elementor-element-e85aa01 e-flex e-con-boxed e-con e-parent\" data-id=\"e85aa01\" data-element_type=\"container\">\n\t\t\t\t\t<div class=\"e-con-inner\">\n\t\t\t\t<div class=\"elementor-element elementor-element-d084eb3 elementor-widget elementor-widget-heading\" data-id=\"d084eb3\" data-element_type=\"widget\" data-widget_type=\"heading.default\">\n\t\t\t\t\t<h4 class=\"elementor-heading-title elementor-size-default\">un peu d'histoire<\/h4>\t\t\t\t<\/div>\n\t\t\t\t\t<\/div>\n\t\t\t\t<\/div>\n\t\t<div class=\"elementor-element elementor-element-c42b401 e-con-full e-flex e-con e-parent\" data-id=\"c42b401\" data-element_type=\"container\">\n\t\t\t\t<div class=\"elementor-element elementor-element-3457983 elementor-widget elementor-widget-text-editor\" data-id=\"3457983\" data-element_type=\"widget\" data-widget_type=\"text-editor.default\">\n\t\t\t\t\t\t\t\t\t<p style=\"text-align: center;\">Au milieu du<strong> XIX \u1d49<\/strong> <strong>si\u00e8cle,<\/strong> les Pyr\u00e9n\u00e9es &#8211; Orientales comptaient parmi les grands territoires ol\u00e9icoles fran\u00e7ais.<\/p><p>Puis vint l&rsquo;<strong>hiver 1956<\/strong>. Un froid historique d\u00e9cima les oliviers\u00a0et transforma durablement le paysage agricole.<\/p><p>Aujourd&rsquo;hui ,ironie du sort, le <strong>r\u00e9chauffement<\/strong> <strong>climatique<\/strong> redonne \u00e0 l\u2019olivier ses lettres de noblesse entre m\u00e9moire des terres et avenir m\u00e9diterran\u00e9en.<\/p><p style=\"text-align: center;\">Et une question se pose :<strong> l&rsquo;olivier remplacera -t-il un jour la vigne?<\/strong><\/p>\t\t\t\t\t\t\t\t<\/div>\n\t\t\t\t<div class=\"elementor-element elementor-element-c27a717 elementor-widget elementor-widget-image\" data-id=\"c27a717\" data-element_type=\"widget\" data-widget_type=\"image.default\">\n\t\t\t\t\t\t\t\t\t\t\t\t\t\t\t<img decoding=\"async\" src=\"https:\/\/www.larecolteduraleur.fr\/wp-content\/uploads\/elementor\/thumbs\/file_00000000651471f48e3935478a21f584-1-rfjx1ainfkwfmrrhkuxwjtkbo9gjno4kn1f1e7b20c.png\" title=\"file_00000000651471f48e3935478a21f584 (1)\" alt=\"file_00000000651471f48e3935478a21f584 (1)\" loading=\"lazy\" \/>\t\t\t\t\t\t\t\t\t\t\t\t\t\t\t<\/div>\n\t\t\t\t<\/div>\n\t\t\t\t<\/div>\n\t\t","protected":false},"excerpt":{"rendered":"<p>La R\u00e9colte du R\u00e2leur pr\u00e9sentation du verger L&rsquo;oliveraie dans toute sa splendeur. Sur ces terres autrefois plant\u00e9es de vignes s\u2019\u00e9tendent [&hellip;]<\/p>\n","protected":false},"author":1,"featured_media":0,"parent":0,"menu_order":0,"comment_status":"closed","ping_status":"closed","template":"elementor_header_footer","meta":{"site-sidebar-layout":"no-sidebar","site-content-layout":"","ast-site-content-layout":"full-width-container","site-content-style":"default","site-sidebar-style":"default","ast-global-header-display":"","ast-banner-title-visibility":"","ast-main-header-display":"","ast-hfb-above-header-display":"","ast-hfb-below-header-display":"","ast-hfb-mobile-header-display":"","site-post-title":"","ast-breadcrumbs-content":"","ast-featured-img":"disabled","footer-sml-layout":"","theme-transparent-header-meta":"","adv-header-id-meta":"","stick-header-meta":"","header-above-stick-meta":"","header-main-stick-meta":"","header-below-stick-meta":"","astra-migrate-meta-layouts":"default","ast-page-background-enabled":"default","ast-page-background-meta":{"desktop":{"background-color":"var(--ast-global-color-5)","background-image":"","background-repeat":"repeat","background-position":"center center","background-size":"auto","background-attachment":"scroll","background-type":"","background-media":"","overlay-type":"","overlay-color":"","overlay-opacity":"","overlay-gradient":""},"tablet":{"background-color":"","background-image":"","background-repeat":"repeat","background-position":"center center","background-size":"auto","background-attachment":"scroll","background-type":"","background-media":"","overlay-type":"","overlay-color":"","overlay-opacity":"","overlay-gradient":""},"mobile":{"background-color":"","background-image":"","background-repeat":"repeat","background-position":"center center","background-size":"auto","background-attachment":"scroll","background-type":"","background-media":"","overlay-type":"","overlay-color":"","overlay-opacity":"","overlay-gradient":""}},"ast-content-background-meta":{"desktop":{"background-color":"var(--ast-global-color-4)","background-image":"","background-repeat":"repeat","background-position":"center center","background-size":"auto","background-attachment":"scroll","background-type":"","background-media":"","overlay-type":"","overlay-color":"","overlay-opacity":"","overlay-gradient":""},"tablet":{"background-color":"var(--ast-global-color-4)","background-image":"","background-repeat":"repeat","background-position":"center center","background-size":"auto","background-attachment":"scroll","background-type":"","background-media":"","overlay-type":"","overlay-color":"","overlay-opacity":"","overlay-gradient":""},"mobile":{"background-color":"var(--ast-global-color-4)","background-image":"","background-repeat":"repeat","background-position":"center center","background-size":"auto","background-attachment":"scroll","background-type":"","background-media":"","overlay-type":"","overlay-color":"","overlay-opacity":"","overlay-gradient":""}},"footnotes":""},"class_list":["post-84","page","type-page","status-publish","hentry"],"_links":{"self":[{"href":"https:\/\/www.larecolteduraleur.fr\/index.php\/wp-json\/wp\/v2\/pages\/84","targetHints":{"allow":["GET"]}}],"collection":[{"href":"https:\/\/www.larecolteduraleur.fr\/index.php\/wp-json\/wp\/v2\/pages"}],"about":[{"href":"https:\/\/www.larecolteduraleur.fr\/index.php\/wp-json\/wp\/v2\/types\/page"}],"author":[{"embeddable":true,"href":"https:\/\/www.larecolteduraleur.fr\/index.php\/wp-json\/wp\/v2\/users\/1"}],"replies":[{"embeddable":true,"href":"https:\/\/www.larecolteduraleur.fr\/index.php\/wp-json\/wp\/v2\/comments?post=84"}],"version-history":[{"count":77,"href":"https:\/\/www.larecolteduraleur.fr\/index.php\/wp-json\/wp\/v2\/pages\/84\/revisions"}],"predecessor-version":[{"id":720,"href":"https:\/\/www.larecolteduraleur.fr\/index.php\/wp-json\/wp\/v2\/pages\/84\/revisions\/720"}],"wp:attachment":[{"href":"https:\/\/www.larecolteduraleur.fr\/index.php\/wp-json\/wp\/v2\/media?parent=84"}],"curies":[{"name":"wp","href":"https:\/\/api.w.org\/{rel}","templated":true}]}}