{"id":85,"date":"2025-12-06T07:22:20","date_gmt":"2025-12-06T07:22:20","guid":{"rendered":"https:\/\/www.larecolteduraleur.fr\/index.php\/a-propos\/"},"modified":"2025-12-18T17:50:20","modified_gmt":"2025-12-18T17:50:20","slug":"a-propos","status":"publish","type":"page","link":"https:\/\/www.larecolteduraleur.fr\/index.php\/a-propos\/","title":{"rendered":"\u00c0 propos"},"content":{"rendered":"\t\t<div data-elementor-type=\"wp-page\" data-elementor-id=\"85\" class=\"elementor elementor-85\">\n\t\t\t\t<div class=\"elementor-element elementor-element-f74e8ab e-flex e-con-boxed e-con e-parent\" data-id=\"f74e8ab\" data-element_type=\"container\">\n\t\t\t\t\t<div class=\"e-con-inner\">\n\t\t\t\t<div class=\"elementor-element elementor-element-05a01a1 elementor-widget elementor-widget-heading\" data-id=\"05a01a1\" data-element_type=\"widget\" data-widget_type=\"heading.default\">\n\t\t\t\t\t<h1 class=\"elementor-heading-title elementor-size-default\">Le commencement<\/h1>\t\t\t\t<\/div>\n\t\t\t\t\t<\/div>\n\t\t\t\t<\/div>\n\t\t<div class=\"elementor-element elementor-element-27c672b e-con-full e-flex e-con e-parent\" data-id=\"27c672b\" data-element_type=\"container\">\n\t\t\t\t<div class=\"elementor-element elementor-element-85c9c32 elementor-widget elementor-widget-text-editor\" data-id=\"85c9c32\" data-element_type=\"widget\" data-widget_type=\"text-editor.default\">\n\t\t\t\t\t\t\t\t\t<p>\u00a0Pourquoi la r\u00e9colte du r\u00e2leur ?\u00a0 la r\u00e9ponse est simple un peu de patience si vous voulez bien.<\/p><p>La place est d\u00e9j\u00e0 prise par &#8230;..le r\u00e2leur lui m\u00eame.<\/p><p><strong>Septembre 2008.<\/strong><\/p><p>Les vendanges se terminent,\u00a0 nous prenons quelques jours de repos bien m\u00e9rit\u00e9s et, partons dans le d\u00e9partement du Var .<\/p><p>Dans un restaurant \u00e0 Bandol ( dont j&rsquo;ai oubli\u00e9 le nom,\u00a0 mais pas le contenu de l\u2019assiette ). Nous d\u00e9couvrons une huile couleur or, au go\u00fbt fruit\u00e9 qui stimule le go\u00fbt et l\u2019odorat.<\/p><p>C&rsquo;est comme une formule magique, une alchimie de la m\u00e9moire olfactive .<\/p><p><strong>Avril 2009<\/strong> marque le d\u00e9but de l&rsquo;aventure. Les parcelles sont pr\u00eates, des lignes trac\u00e9es comme un \u00e9chiquier attendent patiemment l&#8217;emplacement des Oliviers .<\/p><p style=\"text-align: center;\">Quelques arbres \u00ab\u00a0dispara\u00eetront\u00a0\u00bb les jours suivants\u00a0 d&rsquo; autres s &lsquo;imposeront, solides enracin\u00e9s, t\u00e9moins d&rsquo;une passion tenace<\/p>\t\t\t\t\t\t\t\t<\/div>\n\t\t\t\t<div class=\"elementor-element elementor-element-850de25 elementor-widget elementor-widget-image\" data-id=\"850de25\" data-element_type=\"widget\" data-widget_type=\"image.default\">\n\t\t\t\t\t\t\t\t\t\t\t\t\t\t\t<img decoding=\"async\" src=\"https:\/\/www.larecolteduraleur.fr\/wp-content\/uploads\/elementor\/thumbs\/file_00000000651471f48e3935478a21f584-1-rfjx1ainfkwfmrrhkuxwjtkbo9gjno4kn1f1e7b20c.png\" title=\"file_00000000651471f48e3935478a21f584 (1)\" alt=\"file_00000000651471f48e3935478a21f584 (1)\" loading=\"lazy\" \/>\t\t\t\t\t\t\t\t\t\t\t\t\t\t\t<\/div>\n\t\t\t\t<div class=\"elementor-element elementor-element-1311821 elementor-widget elementor-widget-spacer\" data-id=\"1311821\" data-element_type=\"widget\" data-widget_type=\"spacer.default\">\n\t\t\t\t\t\t\t<div class=\"elementor-spacer\">\n\t\t\t<div class=\"elementor-spacer-inner\"><\/div>\n\t\t<\/div>\n\t\t\t\t\t\t<\/div>\n\t\t\t\t<\/div>\n\t\t<div class=\"elementor-element elementor-element-a058023 e-flex e-con-boxed e-con e-parent\" data-id=\"a058023\" data-element_type=\"container\">\n\t\t\t\t\t<div class=\"e-con-inner\">\n\t\t\t\t<div class=\"elementor-element elementor-element-f28e006 elementor-widget elementor-widget-image\" data-id=\"f28e006\" data-element_type=\"widget\" data-widget_type=\"image.default\">\n\t\t\t\t\t\t\t\t\t\t\t\t\t\t\t<img fetchpriority=\"high\" decoding=\"async\" width=\"1098\" height=\"2560\" src=\"https:\/\/www.larecolteduraleur.fr\/wp-content\/uploads\/2025\/12\/20251111_130957-1-scaled.jpg\" class=\"attachment-full size-full wp-image-312\" alt=\"le r\u00e2leur allong\u00e9 \u00e0 c\u00f4t\u00e9 de sa r\u00e9colte\" srcset=\"https:\/\/www.larecolteduraleur.fr\/wp-content\/uploads\/2025\/12\/20251111_130957-1-scaled.jpg 1098w, https:\/\/www.larecolteduraleur.fr\/wp-content\/uploads\/2025\/12\/20251111_130957-1-129x300.jpg 129w, https:\/\/www.larecolteduraleur.fr\/wp-content\/uploads\/2025\/12\/20251111_130957-1-439x1024.jpg 439w, https:\/\/www.larecolteduraleur.fr\/wp-content\/uploads\/2025\/12\/20251111_130957-1-768x1790.jpg 768w, https:\/\/www.larecolteduraleur.fr\/wp-content\/uploads\/2025\/12\/20251111_130957-1-659x1536.jpg 659w, https:\/\/www.larecolteduraleur.fr\/wp-content\/uploads\/2025\/12\/20251111_130957-1-879x2048.jpg 879w\" sizes=\"(max-width: 1098px) 100vw, 1098px\" \/>\t\t\t\t\t\t\t\t\t\t\t\t\t\t\t<\/div>\n\t\t<div class=\"elementor-element elementor-element-0c908e2 e-con-full e-flex e-con e-child\" data-id=\"0c908e2\" data-element_type=\"container\">\n\t\t\t\t<div class=\"elementor-element elementor-element-ac4de68 elementor-widget elementor-widget-image\" data-id=\"ac4de68\" data-element_type=\"widget\" data-widget_type=\"image.default\">\n\t\t\t\t\t\t\t\t\t\t\t\t\t\t\t<img decoding=\"async\" src=\"https:\/\/www.larecolteduraleur.fr\/wp-content\/uploads\/elementor\/thumbs\/file_00000000651471f48e3935478a21f584-1-rfjx1ainfkwfmrrhkuxwjtkbo9gjno4kn1f1e7b20c.png\" title=\"file_00000000651471f48e3935478a21f584 (1)\" alt=\"file_00000000651471f48e3935478a21f584 (1)\" loading=\"lazy\" \/>\t\t\t\t\t\t\t\t\t\t\t\t\t\t\t<\/div>\n\t\t\t\t<\/div>\n\t\t\t\t\t<\/div>\n\t\t\t\t<\/div>\n\t\t<div class=\"elementor-element elementor-element-5a616cd e-flex e-con-boxed e-con e-parent\" data-id=\"5a616cd\" data-element_type=\"container\">\n\t\t\t\t\t<div class=\"e-con-inner\">\n\t\t\t\t<div class=\"elementor-element elementor-element-d764e82 elementor-widget elementor-widget-heading\" data-id=\"d764e82\" data-element_type=\"widget\" data-widget_type=\"heading.default\">\n\t\t\t\t\t<h2 class=\"elementor-heading-title elementor-size-default\">Le R\u00e2leur<\/h2>\t\t\t\t<\/div>\n\t\t\t\t\t<\/div>\n\t\t\t\t<\/div>\n\t\t<div class=\"elementor-element elementor-element-4678557 e-con-full e-flex e-con e-parent\" data-id=\"4678557\" data-element_type=\"container\">\n\t\t\t\t<div class=\"elementor-element elementor-element-79ba605 elementor-widget elementor-widget-text-editor\" data-id=\"79ba605\" data-element_type=\"widget\" data-widget_type=\"text-editor.default\">\n\t\t\t\t\t\t\t\t\t<p>On ne\u00a0 fait pas l&rsquo;huile d&rsquo;olive pour devenir riche.<\/p><p>On la fait pour la beaut\u00e9 du geste, pour la fid\u00e9lit\u00e9 \u00e0 la terre, et pour ce lien silencieux avec les arbres qui nous accompagnent depuis des ann\u00e9es.<\/p><p style=\"text-align: center;\">Lui, il r\u00e2le toujours :<\/p><p style=\"text-align: center;\">Une ann\u00e9e il y trop d\u2019olives, l\u2019ann\u00e9e suivante pas assez&#8230;.<\/p><p style=\"text-align: center;\">Trop de vent, pas assez de pluie, trop de travail, jamais assez de temps.<\/p><p style=\"text-align: center;\">il dit souvent qu&rsquo;il serait mieux ailleurs,\u00a0 \u00e0 la p\u00eache, \u00e0 la chasse&#8230;<\/p><p>Que ce n&rsquo;est pas rentable&#8230;<\/p><p>Mais malgr\u00e9 tout, chaque saison, il recommence.<\/p><p>Avec patience, pr\u00e9cision, et cette honn\u00eatet\u00e9 propre aux gens vrais.<\/p><p>Parce qu&rsquo;au fond, c&rsquo;est sa fa\u00e7on d&rsquo;aimer : r\u00e2ler un peu, donner beaucoup.<\/p><p>Et comme dit le proverbe&#8230;<\/p><p><strong>\u00ab\u00a0Le chien aboie, et la caravane passe\u00a0\u00bb.<\/strong><\/p><p>Moi Je le dis simplement :<strong> mon mari est un homme merveilleux.<\/strong><\/p>\t\t\t\t\t\t\t\t<\/div>\n\t\t\t\t<\/div>\n\t\t<div class=\"elementor-element elementor-element-e07fc71 e-flex e-con-boxed e-con e-parent\" data-id=\"e07fc71\" data-element_type=\"container\">\n\t\t\t\t\t<div class=\"e-con-inner\">\n\t\t\t\t<div class=\"elementor-element elementor-element-9148bbd elementor-widget elementor-widget-spacer\" data-id=\"9148bbd\" data-element_type=\"widget\" data-widget_type=\"spacer.default\">\n\t\t\t\t\t\t\t<div class=\"elementor-spacer\">\n\t\t\t<div class=\"elementor-spacer-inner\"><\/div>\n\t\t<\/div>\n\t\t\t\t\t\t<\/div>\n\t\t\t\t\t<\/div>\n\t\t\t\t<\/div>\n\t\t<div class=\"elementor-element elementor-element-2849e7a e-flex e-con-boxed e-con e-parent\" data-id=\"2849e7a\" data-element_type=\"container\">\n\t\t\t\t\t<div class=\"e-con-inner\">\n\t\t\t\t<div class=\"elementor-element elementor-element-2796ce4 elementor-widget elementor-widget-image\" data-id=\"2796ce4\" data-element_type=\"widget\" data-widget_type=\"image.default\">\n\t\t\t\t\t\t\t\t\t\t\t\t\t\t\t<img decoding=\"async\" src=\"https:\/\/www.larecolteduraleur.fr\/wp-content\/uploads\/elementor\/thumbs\/file_00000000651471f48e3935478a21f584-1-rfjx1ainfkwfmrrhkuxwjtkbo9gjno4kn1f1e7b20c.png\" title=\"file_00000000651471f48e3935478a21f584 (1)\" alt=\"file_00000000651471f48e3935478a21f584 (1)\" loading=\"lazy\" \/>\t\t\t\t\t\t\t\t\t\t\t\t\t\t\t<\/div>\n\t\t\t\t\t<\/div>\n\t\t\t\t<\/div>\n\t\t\t\t<\/div>\n\t\t","protected":false},"excerpt":{"rendered":"<p>Le commencement \u00a0Pourquoi la r\u00e9colte du r\u00e2leur ?\u00a0 la r\u00e9ponse est simple un peu de patience si vous voulez bien. [&hellip;]<\/p>\n","protected":false},"author":1,"featured_media":0,"parent":0,"menu_order":0,"comment_status":"closed","ping_status":"closed","template":"","meta":{"site-sidebar-layout":"no-sidebar","site-content-layout":"","ast-site-content-layout":"full-width-container","site-content-style":"default","site-sidebar-style":"default","ast-global-header-display":"","ast-banner-title-visibility":"","ast-main-header-display":"","ast-hfb-above-header-display":"","ast-hfb-below-header-display":"","ast-hfb-mobile-header-display":"","site-post-title":"disabled","ast-breadcrumbs-content":"","ast-featured-img":"disabled","footer-sml-layout":"","theme-transparent-header-meta":"","adv-header-id-meta":"","stick-header-meta":"","header-above-stick-meta":"","header-main-stick-meta":"","header-below-stick-meta":"","astra-migrate-meta-layouts":"default","ast-page-background-enabled":"default","ast-page-background-meta":{"desktop":{"background-color":"var(--ast-global-color-5)","background-image":"","background-repeat":"repeat","background-position":"center center","background-size":"auto","background-attachment":"scroll","background-type":"","background-media":"","overlay-type":"","overlay-color":"","overlay-opacity":"","overlay-gradient":""},"tablet":{"background-color":"","background-image":"","background-repeat":"repeat","background-position":"center center","background-size":"auto","background-attachment":"scroll","background-type":"","background-media":"","overlay-type":"","overlay-color":"","overlay-opacity":"","overlay-gradient":""},"mobile":{"background-color":"","background-image":"","background-repeat":"repeat","background-position":"center center","background-size":"auto","background-attachment":"scroll","background-type":"","background-media":"","overlay-type":"","overlay-color":"","overlay-opacity":"","overlay-gradient":""}},"ast-content-background-meta":{"desktop":{"background-color":"var(--ast-global-color-4)","background-image":"","background-repeat":"repeat","background-position":"center center","background-size":"auto","background-attachment":"scroll","background-type":"","background-media":"","overlay-type":"","overlay-color":"","overlay-opacity":"","overlay-gradient":""},"tablet":{"background-color":"var(--ast-global-color-4)","background-image":"","background-repeat":"repeat","background-position":"center center","background-size":"auto","background-attachment":"scroll","background-type":"","background-media":"","overlay-type":"","overlay-color":"","overlay-opacity":"","overlay-gradient":""},"mobile":{"background-color":"var(--ast-global-color-4)","background-image":"","background-repeat":"repeat","background-position":"center center","background-size":"auto","background-attachment":"scroll","background-type":"","background-media":"","overlay-type":"","overlay-color":"","overlay-opacity":"","overlay-gradient":""}},"footnotes":""},"class_list":["post-85","page","type-page","status-publish","hentry"],"_links":{"self":[{"href":"https:\/\/www.larecolteduraleur.fr\/index.php\/wp-json\/wp\/v2\/pages\/85","targetHints":{"allow":["GET"]}}],"collection":[{"href":"https:\/\/www.larecolteduraleur.fr\/index.php\/wp-json\/wp\/v2\/pages"}],"about":[{"href":"https:\/\/www.larecolteduraleur.fr\/index.php\/wp-json\/wp\/v2\/types\/page"}],"author":[{"embeddable":true,"href":"https:\/\/www.larecolteduraleur.fr\/index.php\/wp-json\/wp\/v2\/users\/1"}],"replies":[{"embeddable":true,"href":"https:\/\/www.larecolteduraleur.fr\/index.php\/wp-json\/wp\/v2\/comments?post=85"}],"version-history":[{"count":37,"href":"https:\/\/www.larecolteduraleur.fr\/index.php\/wp-json\/wp\/v2\/pages\/85\/revisions"}],"predecessor-version":[{"id":727,"href":"https:\/\/www.larecolteduraleur.fr\/index.php\/wp-json\/wp\/v2\/pages\/85\/revisions\/727"}],"wp:attachment":[{"href":"https:\/\/www.larecolteduraleur.fr\/index.php\/wp-json\/wp\/v2\/media?parent=85"}],"curies":[{"name":"wp","href":"https:\/\/api.w.org\/{rel}","templated":true}]}}